{"id":59423,"date":"2023-12-13T16:12:31","date_gmt":"2023-12-13T14:12:31","guid":{"rendered":"https:\/\/www.almi.co.il\/?page_id=59423"},"modified":"2024-01-10T17:34:46","modified_gmt":"2024-01-10T15:34:46","slug":"catalogo-de-precios-2","status":"publish","type":"page","link":"https:\/\/www.almi.co.il\/es\/catalogo-de-precios-2\/","title":{"rendered":"Cat\u00e1logo de precios"},"content":{"rendered":"\t\t<div data-elementor-type=\"wp-page\" data-elementor-id=\"59423\" class=\"elementor elementor-59423 elementor-30110\" data-elementor-post-type=\"page\">\n\t\t\t\t\t\t<section class=\"elementor-section elementor-top-section elementor-element elementor-element-620b8944 elementor-section-boxed elementor-section-height-default elementor-section-height-default\" data-id=\"620b8944\" data-element_type=\"section\" data-e-type=\"section\" data-settings=\"{&quot;jet_parallax_layout_list&quot;:[]}\">\n\t\t\t\t\t\t<div class=\"elementor-container elementor-column-gap-default\">\n\t\t\t\t\t<div class=\"elementor-column elementor-col-100 elementor-top-column elementor-element elementor-element-6cd38bf0\" data-id=\"6cd38bf0\" data-element_type=\"column\" data-e-type=\"column\">\n\t\t\t<div class=\"elementor-widget-wrap elementor-element-populated\">\n\t\t\t\t\t\t<div class=\"elementor-element elementor-element-e4dbb23 elementor-align-center elementor-widget elementor-widget-button\" data-id=\"e4dbb23\" data-element_type=\"widget\" data-e-type=\"widget\" id=\"catalogButton\" data-widget_type=\"button.default\">\n\t\t\t\t<div class=\"elementor-widget-container\">\n\t\t\t\t\t\t\t\t\t<div class=\"elementor-button-wrapper\">\n\t\t\t\t\t<a class=\"elementor-button elementor-button-link elementor-size-sm\" href=\"https:\/\/www.almi.co.il\/es\/catalogo-de-precios\/\">\n\t\t\t\t\t\t<span class=\"elementor-button-content-wrapper\">\n\t\t\t\t\t\t\t\t\t<span class=\"elementor-button-text\">Almi catalogo de precios<\/span>\n\t\t\t\t\t<\/span>\n\t\t\t\t\t<\/a>\n\t\t\t\t<\/div>\n\t\t\t\t\t\t\t\t<\/div>\n\t\t\t\t<\/div>\n\t\t\t\t<div class=\"elementor-element elementor-element-b93fbe2 e-my-account-tabs-vertical elementor-widget elementor-widget-woocommerce-my-account\" data-id=\"b93fbe2\" data-element_type=\"widget\" data-e-type=\"widget\" data-settings=\"{&quot;forms_buttons_hover_animation&quot;:&quot;bob&quot;}\" data-widget_type=\"woocommerce-my-account.default\">\n\t\t\t\t<div class=\"elementor-widget-container\">\n\t\t\t\t\t<div class=\"e-my-account-tab e-my-account-tab__ \">\t\t\t<div class=\"woocommerce\"><\/div>\t\t<\/div>\n\t\t\t\t\t\t<\/div>\n\t\t\t\t<\/div>\n\t\t\t\t\t<\/div>\n\t\t<\/div>\n\t\t\t\t\t<\/div>\n\t\t<\/section>\n\t\t\t\t<\/div>\n\t\t","protected":false},"excerpt":{"rendered":"<p>Almi catalogo de precios Dean Salir control panel orders downloads address account log out \u05e7\u05d8\u05dc\u05d5\u05d2 \u05de\u05d7\u05d9\u05e8\u05d9\u05dd Hola Dean (\u00bfno eres Dean? Cerrar sesi\u00f3n) Desde el escritorio de tu cuenta puedes ver tus pedidos recientes, gestionar tus direcciones de env\u00edo y facturaci\u00f3n y editar tu contrase\u00f1a y los detalles de tu cuenta.<\/p>\n","protected":false},"author":8,"featured_media":0,"parent":0,"menu_order":37,"comment_status":"closed","ping_status":"closed","template":"","meta":{"_acf_changed":false,"footnotes":""},"class_list":["post-59423","page","type-page","status-publish","hentry","entry","owp-thumbs-layout-horizontal","owp-btn-normal","owp-tabs-layout-horizontal","has-no-thumbnails","has-product-nav"],"acf":[],"yoast_head":"<!-- This site is optimized with the Yoast SEO plugin v27.3 - https:\/\/yoast.com\/product\/yoast-seo-wordpress\/ -->\n<title>Cat\u00e1logo de precios - \u05d0\u05dc\u05de\u05d9<\/title>\n<meta name=\"robots\" content=\"index, follow, max-snippet:-1, max-image-preview:large, max-video-preview:-1\" \/>\n<link rel=\"canonical\" href=\"https:\/\/www.almi.co.il\/es\/catalogo-de-precios-2\/\" \/>\n<meta property=\"og:locale\" content=\"es_ES\" \/>\n<meta property=\"og:type\" content=\"article\" \/>\n<meta property=\"og:title\" content=\"Cat\u00e1logo de precios - \u05d0\u05dc\u05de\u05d9\" \/>\n<meta property=\"og:description\" content=\"Almi catalogo de precios Dean Salir control panel orders downloads address account log out \u05e7\u05d8\u05dc\u05d5\u05d2 \u05de\u05d7\u05d9\u05e8\u05d9\u05dd Hola Dean (\u00bfno eres Dean? Cerrar sesi\u00f3n) Desde el escritorio de tu cuenta puedes ver tus pedidos recientes, gestionar tus direcciones de env\u00edo y facturaci\u00f3n y editar tu contrase\u00f1a y los detalles de tu cuenta.\" \/>\n<meta property=\"og:url\" content=\"https:\/\/www.almi.co.il\/es\/catalogo-de-precios-2\/\" \/>\n<meta property=\"og:site_name\" content=\"\u05d0\u05dc\u05de\u05d9\" \/>\n<meta property=\"article:modified_time\" content=\"2024-01-10T15:34:46+00:00\" \/>\n<meta property=\"og:image\" content=\"https:\/\/secure.gravatar.com\/avatar\/2de7d8fb9b8984a1f604cd5a5fba54db?s=128&#038;d=mm&#038;r=g\" \/>\n<meta name=\"twitter:label1\" content=\"Tiempo de lectura\" \/>\n\t<meta name=\"twitter:data1\" content=\"1 minuto\" \/>\n<script type=\"application\/ld+json\" class=\"yoast-schema-graph\">{\"@context\":\"https:\\\/\\\/schema.org\",\"@graph\":[{\"@type\":\"WebPage\",\"@id\":\"https:\\\/\\\/www.almi.co.il\\\/es\\\/catalogo-de-precios-2\\\/\",\"url\":\"https:\\\/\\\/www.almi.co.il\\\/es\\\/catalogo-de-precios-2\\\/\",\"name\":\"Cat\u00e1logo de precios - \u05d0\u05dc\u05de\u05d9\",\"isPartOf\":{\"@id\":\"https:\\\/\\\/www.almi.co.il\\\/#website\"},\"primaryImageOfPage\":{\"@id\":\"https:\\\/\\\/www.almi.co.il\\\/es\\\/catalogo-de-precios-2\\\/#primaryimage\"},\"image\":{\"@id\":\"https:\\\/\\\/www.almi.co.il\\\/es\\\/catalogo-de-precios-2\\\/#primaryimage\"},\"thumbnailUrl\":\"https:\\\/\\\/secure.gravatar.com\\\/avatar\\\/2de7d8fb9b8984a1f604cd5a5fba54db?s=128&#038;d=mm&#038;r=g\",\"datePublished\":\"2023-12-13T14:12:31+00:00\",\"dateModified\":\"2024-01-10T15:34:46+00:00\",\"breadcrumb\":{\"@id\":\"https:\\\/\\\/www.almi.co.il\\\/es\\\/catalogo-de-precios-2\\\/#breadcrumb\"},\"inLanguage\":\"es\",\"potentialAction\":[{\"@type\":\"ReadAction\",\"target\":[\"https:\\\/\\\/www.almi.co.il\\\/es\\\/catalogo-de-precios-2\\\/\"]}]},{\"@type\":\"ImageObject\",\"inLanguage\":\"es\",\"@id\":\"https:\\\/\\\/www.almi.co.il\\\/es\\\/catalogo-de-precios-2\\\/#primaryimage\",\"url\":\"https:\\\/\\\/secure.gravatar.com\\\/avatar\\\/2de7d8fb9b8984a1f604cd5a5fba54db?s=128&#038;d=mm&#038;r=g\",\"contentUrl\":\"https:\\\/\\\/secure.gravatar.com\\\/avatar\\\/2de7d8fb9b8984a1f604cd5a5fba54db?s=128&#038;d=mm&#038;r=g\"},{\"@type\":\"BreadcrumbList\",\"@id\":\"https:\\\/\\\/www.almi.co.il\\\/es\\\/catalogo-de-precios-2\\\/#breadcrumb\",\"itemListElement\":[{\"@type\":\"ListItem\",\"position\":1,\"name\":\"\u05d3\u05e3 \u05d4\u05d1\u05d9\u05ea\",\"item\":\"https:\\\/\\\/www.almi.co.il\\\/\"},{\"@type\":\"ListItem\",\"position\":2,\"name\":\"Cat\u00e1logo de precios\"}]},{\"@type\":\"WebSite\",\"@id\":\"https:\\\/\\\/www.almi.co.il\\\/#website\",\"url\":\"https:\\\/\\\/www.almi.co.il\\\/\",\"name\":\"\u05d0\u05dc\u05de\u05d9\",\"description\":\"\u05ea\u05e2\u05e9\u05d9\u05d5\u05ea \u05e4\u05dc\u05e1\u05d8\u05d9\u05e7 \u05d1\u05e2&quot;\u05de\",\"publisher\":{\"@id\":\"https:\\\/\\\/www.almi.co.il\\\/#organization\"},\"potentialAction\":[{\"@type\":\"SearchAction\",\"target\":{\"@type\":\"EntryPoint\",\"urlTemplate\":\"https:\\\/\\\/www.almi.co.il\\\/?s={search_term_string}\"},\"query-input\":{\"@type\":\"PropertyValueSpecification\",\"valueRequired\":true,\"valueName\":\"search_term_string\"}}],\"inLanguage\":\"es\"},{\"@type\":\"Organization\",\"@id\":\"https:\\\/\\\/www.almi.co.il\\\/#organization\",\"name\":\"\u05d0\u05dc\u05de\u05d9\",\"url\":\"https:\\\/\\\/www.almi.co.il\\\/\",\"logo\":{\"@type\":\"ImageObject\",\"inLanguage\":\"es\",\"@id\":\"https:\\\/\\\/www.almi.co.il\\\/#\\\/schema\\\/logo\\\/image\\\/\",\"url\":\"https:\\\/\\\/www.almi.co.il\\\/wp-content\\\/uploads\\\/2014\\\/11\\\/logo.png\",\"contentUrl\":\"https:\\\/\\\/www.almi.co.il\\\/wp-content\\\/uploads\\\/2014\\\/11\\\/logo.png\",\"width\":278,\"height\":189,\"caption\":\"\u05d0\u05dc\u05de\u05d9\"},\"image\":{\"@id\":\"https:\\\/\\\/www.almi.co.il\\\/#\\\/schema\\\/logo\\\/image\\\/\"}}]}<\/script>\n<!-- \/ Yoast SEO plugin. -->","yoast_head_json":{"title":"Cat\u00e1logo de precios - \u05d0\u05dc\u05de\u05d9","robots":{"index":"index","follow":"follow","max-snippet":"max-snippet:-1","max-image-preview":"max-image-preview:large","max-video-preview":"max-video-preview:-1"},"canonical":"https:\/\/www.almi.co.il\/es\/catalogo-de-precios-2\/","og_locale":"es_ES","og_type":"article","og_title":"Cat\u00e1logo de precios - \u05d0\u05dc\u05de\u05d9","og_description":"Almi catalogo de precios Dean Salir control panel orders downloads address account log out \u05e7\u05d8\u05dc\u05d5\u05d2 \u05de\u05d7\u05d9\u05e8\u05d9\u05dd Hola Dean (\u00bfno eres Dean? Cerrar sesi\u00f3n) Desde el escritorio de tu cuenta puedes ver tus pedidos recientes, gestionar tus direcciones de env\u00edo y facturaci\u00f3n y editar tu contrase\u00f1a y los detalles de tu cuenta.","og_url":"https:\/\/www.almi.co.il\/es\/catalogo-de-precios-2\/","og_site_name":"\u05d0\u05dc\u05de\u05d9","article_modified_time":"2024-01-10T15:34:46+00:00","og_image":[{"url":"https:\/\/secure.gravatar.com\/avatar\/2de7d8fb9b8984a1f604cd5a5fba54db?s=128&#038;d=mm&#038;r=g","type":"","width":"","height":""}],"twitter_misc":{"Tiempo de lectura":"1 minuto"},"schema":{"@context":"https:\/\/schema.org","@graph":[{"@type":"WebPage","@id":"https:\/\/www.almi.co.il\/es\/catalogo-de-precios-2\/","url":"https:\/\/www.almi.co.il\/es\/catalogo-de-precios-2\/","name":"Cat\u00e1logo de precios - \u05d0\u05dc\u05de\u05d9","isPartOf":{"@id":"https:\/\/www.almi.co.il\/#website"},"primaryImageOfPage":{"@id":"https:\/\/www.almi.co.il\/es\/catalogo-de-precios-2\/#primaryimage"},"image":{"@id":"https:\/\/www.almi.co.il\/es\/catalogo-de-precios-2\/#primaryimage"},"thumbnailUrl":"https:\/\/secure.gravatar.com\/avatar\/2de7d8fb9b8984a1f604cd5a5fba54db?s=128&#038;d=mm&#038;r=g","datePublished":"2023-12-13T14:12:31+00:00","dateModified":"2024-01-10T15:34:46+00:00","breadcrumb":{"@id":"https:\/\/www.almi.co.il\/es\/catalogo-de-precios-2\/#breadcrumb"},"inLanguage":"es","potentialAction":[{"@type":"ReadAction","target":["https:\/\/www.almi.co.il\/es\/catalogo-de-precios-2\/"]}]},{"@type":"ImageObject","inLanguage":"es","@id":"https:\/\/www.almi.co.il\/es\/catalogo-de-precios-2\/#primaryimage","url":"https:\/\/secure.gravatar.com\/avatar\/2de7d8fb9b8984a1f604cd5a5fba54db?s=128&#038;d=mm&#038;r=g","contentUrl":"https:\/\/secure.gravatar.com\/avatar\/2de7d8fb9b8984a1f604cd5a5fba54db?s=128&#038;d=mm&#038;r=g"},{"@type":"BreadcrumbList","@id":"https:\/\/www.almi.co.il\/es\/catalogo-de-precios-2\/#breadcrumb","itemListElement":[{"@type":"ListItem","position":1,"name":"\u05d3\u05e3 \u05d4\u05d1\u05d9\u05ea","item":"https:\/\/www.almi.co.il\/"},{"@type":"ListItem","position":2,"name":"Cat\u00e1logo de precios"}]},{"@type":"WebSite","@id":"https:\/\/www.almi.co.il\/#website","url":"https:\/\/www.almi.co.il\/","name":"\u05d0\u05dc\u05de\u05d9","description":"\u05ea\u05e2\u05e9\u05d9\u05d5\u05ea \u05e4\u05dc\u05e1\u05d8\u05d9\u05e7 \u05d1\u05e2&quot;\u05de","publisher":{"@id":"https:\/\/www.almi.co.il\/#organization"},"potentialAction":[{"@type":"SearchAction","target":{"@type":"EntryPoint","urlTemplate":"https:\/\/www.almi.co.il\/?s={search_term_string}"},"query-input":{"@type":"PropertyValueSpecification","valueRequired":true,"valueName":"search_term_string"}}],"inLanguage":"es"},{"@type":"Organization","@id":"https:\/\/www.almi.co.il\/#organization","name":"\u05d0\u05dc\u05de\u05d9","url":"https:\/\/www.almi.co.il\/","logo":{"@type":"ImageObject","inLanguage":"es","@id":"https:\/\/www.almi.co.il\/#\/schema\/logo\/image\/","url":"https:\/\/www.almi.co.il\/wp-content\/uploads\/2014\/11\/logo.png","contentUrl":"https:\/\/www.almi.co.il\/wp-content\/uploads\/2014\/11\/logo.png","width":278,"height":189,"caption":"\u05d0\u05dc\u05de\u05d9"},"image":{"@id":"https:\/\/www.almi.co.il\/#\/schema\/logo\/image\/"}}]}},"_links":{"self":[{"href":"https:\/\/www.almi.co.il\/es\/wp-json\/wp\/v2\/pages\/59423","targetHints":{"allow":["GET"]}}],"collection":[{"href":"https:\/\/www.almi.co.il\/es\/wp-json\/wp\/v2\/pages"}],"about":[{"href":"https:\/\/www.almi.co.il\/es\/wp-json\/wp\/v2\/types\/page"}],"author":[{"embeddable":true,"href":"https:\/\/www.almi.co.il\/es\/wp-json\/wp\/v2\/users\/8"}],"replies":[{"embeddable":true,"href":"https:\/\/www.almi.co.il\/es\/wp-json\/wp\/v2\/comments?post=59423"}],"version-history":[{"count":0,"href":"https:\/\/www.almi.co.il\/es\/wp-json\/wp\/v2\/pages\/59423\/revisions"}],"wp:attachment":[{"href":"https:\/\/www.almi.co.il\/es\/wp-json\/wp\/v2\/media?parent=59423"}],"curies":[{"name":"wp","href":"https:\/\/api.w.org\/{rel}","templated":true}]}}