{"id":59502,"date":"2023-08-31T11:58:24","date_gmt":"2023-08-31T08:58:24","guid":{"rendered":"https:\/\/www.almi.co.il\/?page_id=59502"},"modified":"2023-08-31T12:00:16","modified_gmt":"2023-08-31T09:00:16","slug":"accesibilidad-del-sitio-web","status":"publish","type":"page","link":"https:\/\/www.almi.co.il\/es\/accesibilidad-del-sitio-web\/","title":{"rendered":"Accesibilidad del sitio web"},"content":{"rendered":"\t\t<div data-elementor-type=\"wp-page\" data-elementor-id=\"59502\" class=\"elementor elementor-59502 elementor-59479\" data-elementor-post-type=\"page\">\n\t\t\t\t\t\t<section class=\"elementor-section elementor-top-section elementor-element elementor-element-8898ea8 elementor-section-boxed elementor-section-height-default elementor-section-height-default\" data-id=\"8898ea8\" data-element_type=\"section\" data-e-type=\"section\" data-settings=\"{&quot;jet_parallax_layout_list&quot;:[]}\">\n\t\t\t\t\t\t<div class=\"elementor-container elementor-column-gap-default\">\n\t\t\t\t\t<div class=\"elementor-column elementor-col-100 elementor-top-column elementor-element elementor-element-9e081f5\" data-id=\"9e081f5\" data-element_type=\"column\" data-e-type=\"column\" data-settings=\"{&quot;background_background&quot;:&quot;classic&quot;}\">\n\t\t\t<div class=\"elementor-widget-wrap elementor-element-populated\">\n\t\t\t\t\t\t<div class=\"elementor-element elementor-element-777f410 elementor-widget elementor-widget-heading\" data-id=\"777f410\" data-element_type=\"widget\" data-e-type=\"widget\" data-widget_type=\"heading.default\">\n\t\t\t\t<div class=\"elementor-widget-container\">\n\t\t\t\t\t<h2 class=\"elementor-heading-title elementor-size-default\">Accesibilidad del sitio web<\/h2>\t\t\t\t<\/div>\n\t\t\t\t<\/div>\n\t\t\t\t\t<\/div>\n\t\t<\/div>\n\t\t\t\t\t<\/div>\n\t\t<\/section>\n\t\t\t\t<section class=\"elementor-section elementor-top-section elementor-element elementor-element-7afc3ea elementor-section-boxed elementor-section-height-default elementor-section-height-default\" data-id=\"7afc3ea\" data-element_type=\"section\" data-e-type=\"section\" data-settings=\"{&quot;jet_parallax_layout_list&quot;:[]}\">\n\t\t\t\t\t\t<div class=\"elementor-container elementor-column-gap-default\">\n\t\t\t\t\t<div class=\"elementor-column elementor-col-100 elementor-top-column elementor-element elementor-element-5728707\" data-id=\"5728707\" data-element_type=\"column\" data-e-type=\"column\">\n\t\t\t<div class=\"elementor-widget-wrap elementor-element-populated\">\n\t\t\t\t\t\t<div class=\"elementor-element elementor-element-76077f9 elementor-invisible elementor-widget elementor-widget-image\" data-id=\"76077f9\" data-element_type=\"widget\" data-e-type=\"widget\" data-settings=\"{&quot;motion_fx_motion_fx_scrolling&quot;:&quot;yes&quot;,&quot;motion_fx_rotateZ_effect&quot;:&quot;yes&quot;,&quot;motion_fx_rotateZ_speed&quot;:{&quot;unit&quot;:&quot;px&quot;,&quot;size&quot;:2.2,&quot;sizes&quot;:[]},&quot;_animation&quot;:&quot;rotateIn&quot;,&quot;motion_fx_rotateZ_affectedRange&quot;:{&quot;unit&quot;:&quot;%&quot;,&quot;size&quot;:&quot;&quot;,&quot;sizes&quot;:{&quot;start&quot;:0,&quot;end&quot;:100}},&quot;motion_fx_devices&quot;:[&quot;desktop&quot;,&quot;tablet&quot;,&quot;mobile&quot;]}\" data-widget_type=\"image.default\">\n\t\t\t\t<div class=\"elementor-widget-container\">\n\t\t\t\t\t\t\t\t\t\t\t\t\t\t\t<img fetchpriority=\"high\" decoding=\"async\" width=\"500\" height=\"500\" src=\"https:\/\/www.almi.co.il\/wp-content\/uploads\/2023\/08\/accessibility-setting-1.png\" class=\"attachment-large size-large wp-image-59492\" alt=\"\" srcset=\"https:\/\/www.almi.co.il\/wp-content\/uploads\/2023\/08\/accessibility-setting-1.png 500w, https:\/\/www.almi.co.il\/wp-content\/uploads\/2023\/08\/accessibility-setting-1-300x300.png 300w, https:\/\/www.almi.co.il\/wp-content\/uploads\/2023\/08\/accessibility-setting-1-150x150.png 150w, https:\/\/www.almi.co.il\/wp-content\/uploads\/2023\/08\/accessibility-setting-1-100x100.png 100w\" sizes=\"(max-width: 500px) 100vw, 500px\" \/>\t\t\t\t\t\t\t\t\t\t\t\t\t\t\t<\/div>\n\t\t\t\t<\/div>\n\t\t\t\t\t<\/div>\n\t\t<\/div>\n\t\t\t\t\t<\/div>\n\t\t<\/section>\n\t\t\t\t<section class=\"elementor-section elementor-top-section elementor-element elementor-element-9d8011e elementor-section-boxed elementor-section-height-default elementor-section-height-default\" data-id=\"9d8011e\" data-element_type=\"section\" data-e-type=\"section\" data-settings=\"{&quot;jet_parallax_layout_list&quot;:[]}\">\n\t\t\t\t\t\t<div class=\"elementor-container elementor-column-gap-default\">\n\t\t\t\t\t<div class=\"elementor-column elementor-col-100 elementor-top-column elementor-element elementor-element-42c9362\" data-id=\"42c9362\" data-element_type=\"column\" data-e-type=\"column\" data-settings=\"{&quot;background_background&quot;:&quot;classic&quot;}\">\n\t\t\t<div class=\"elementor-widget-wrap elementor-element-populated\">\n\t\t\t\t\t\t<div class=\"elementor-element elementor-element-dbc61ce elementor-widget elementor-widget-text-editor\" data-id=\"dbc61ce\" data-element_type=\"widget\" data-e-type=\"widget\" data-widget_type=\"text-editor.default\">\n\t\t\t\t<div class=\"elementor-widget-container\">\n\t\t\t\t\t\t\t\t\t<p>El sitio es accesible de una manera que facilita su uso a las personas con discapacidades.<\/p>\n<p>La compa\u00f1\u00eda hace todo lo posible para que todos sus clientes, incluidos los discapacitados, disfruten de la navegaci\u00f3n c\u00f3moda y sencilla por la web de la compa\u00f1\u00eda y disfruten as\u00ed de la oportunidad de conocer la multitud de sus productos a trav\u00e9s de avanzados medios online.<\/p>\n<p><\/p>\n<p><b>Declaraci\u00f3n de accesibilidad<\/b><\/p>\n<p>El sitio web de la empresa cumple con los requisitos de las disposiciones de todas las leyes, incluidas las disposiciones de las Regulaciones de Igualdad de Derechos para las Personas con Discapacidades (Ajuste de la Accesibilidad del Servicio) Iraelian, 2013. El sitio web de la empresa cumple con las recomendaciones de la norma israel\u00ed (TI 5568) para la accesibilidad de contenidos en Internet en el nivel AA y las recomendaciones del documento WCAG2.0 de la organizaci\u00f3n W3C.<\/p>\n<p>El sitio est\u00e1 optimizado para su visualizaci\u00f3n en navegadores comunes y para su uso en tel\u00e9fonos m\u00f3viles.<\/p>\n<p>&nbsp; A pesar de nuestros mejores esfuerzos para que todos puedan adaptar el sitio a sus necesidades, a\u00fan pueden existir p\u00e1ginas o secciones que no son completamente accesibles, est\u00e1n en proceso de hacerlo o carecen de una soluci\u00f3n tecnol\u00f3gica adecuada para hacerlo accesible. Mejoramos y actualizamos sus opciones y caracter\u00edsticas para alcanzar el nivel \u00f3ptimo de accesibilidad, y todo ello por ti y por tu bien y, por supuesto, de acuerdo con los requisitos legales cambiantes. Sus comentarios sobre este asunto ser\u00e1n apreciados.<\/p>\n<p><\/p>\n<p><b>Arreglos de accesibilidad en la direcci\u00f3n de nuestra oficina<\/b><\/p>\n<p>Nuestra oficina, ubicada en: 3 Ha-Atsama St., Even Yehuda, ISRAEL, es accesible para cualquier persona, incluido el acceso con silla de ruedas, el edificio est\u00e1 equipado con una rampa y la oficina ubicada en la planta baja del edificio, permite f\u00e1cil, acceso r\u00e1pido para cualquier persona.<\/p>\n<p>Si ha encontrado un problema relacionado con la accesibilidad y\/o si tiene alguna pregunta al respecto, escr\u00edbanos por correo electr\u00f3nico a la direcci\u00f3n: sales@almi.co.il para que podamos solucionar el problema.<\/p>\t\t\t\t\t\t\t\t<\/div>\n\t\t\t\t<\/div>\n\t\t\t\t\t<\/div>\n\t\t<\/div>\n\t\t\t\t\t<\/div>\n\t\t<\/section>\n\t\t\t\t<\/div>\n\t\t","protected":false},"excerpt":{"rendered":"<p>Accesibilidad del sitio web El sitio es accesible de una manera que facilita su uso a las personas con discapacidades. La compa\u00f1\u00eda hace todo lo posible para que todos sus clientes, incluidos los discapacitados, disfruten de la navegaci\u00f3n c\u00f3moda y sencilla por la web de la compa\u00f1\u00eda y disfruten as\u00ed de la oportunidad de conocer [&hellip;]<\/p>\n","protected":false},"author":8,"featured_media":0,"parent":0,"menu_order":18,"comment_status":"closed","ping_status":"closed","template":"","meta":{"_acf_changed":false,"footnotes":""},"class_list":["post-59502","page","type-page","status-publish","hentry","entry","owp-thumbs-layout-horizontal","owp-btn-normal","owp-tabs-layout-horizontal","has-no-thumbnails","has-product-nav"],"acf":[],"yoast_head":"<!-- This site is optimized with the Yoast SEO plugin v27.4 - https:\/\/yoast.com\/product\/yoast-seo-wordpress\/ -->\n<title>Accesibilidad del sitio web - \u05d0\u05dc\u05de\u05d9<\/title>\n<meta name=\"robots\" content=\"index, follow, max-snippet:-1, max-image-preview:large, max-video-preview:-1\" \/>\n<link rel=\"canonical\" href=\"https:\/\/www.almi.co.il\/es\/accesibilidad-del-sitio-web\/\" \/>\n<meta property=\"og:locale\" content=\"es_ES\" \/>\n<meta property=\"og:type\" content=\"article\" \/>\n<meta property=\"og:title\" content=\"Accesibilidad del sitio web - \u05d0\u05dc\u05de\u05d9\" \/>\n<meta property=\"og:description\" content=\"Accesibilidad del sitio web El sitio es accesible de una manera que facilita su uso a las personas con discapacidades. La compa\u00f1\u00eda hace todo lo posible para que todos sus clientes, incluidos los discapacitados, disfruten de la navegaci\u00f3n c\u00f3moda y sencilla por la web de la compa\u00f1\u00eda y disfruten as\u00ed de la oportunidad de conocer [&hellip;]\" \/>\n<meta property=\"og:url\" content=\"https:\/\/www.almi.co.il\/es\/accesibilidad-del-sitio-web\/\" \/>\n<meta property=\"og:site_name\" content=\"\u05d0\u05dc\u05de\u05d9\" \/>\n<meta property=\"article:modified_time\" content=\"2023-08-31T09:00:16+00:00\" \/>\n<meta property=\"og:image\" content=\"https:\/\/www.almi.co.il\/wp-content\/uploads\/2023\/08\/accessibility-setting-1.png\" \/>\n<meta name=\"twitter:label1\" content=\"Tiempo de lectura\" \/>\n\t<meta name=\"twitter:data1\" content=\"2 minutos\" \/>\n<script type=\"application\/ld+json\" class=\"yoast-schema-graph\">{\"@context\":\"https:\\\/\\\/schema.org\",\"@graph\":[{\"@type\":\"WebPage\",\"@id\":\"https:\\\/\\\/www.almi.co.il\\\/es\\\/accesibilidad-del-sitio-web\\\/\",\"url\":\"https:\\\/\\\/www.almi.co.il\\\/es\\\/accesibilidad-del-sitio-web\\\/\",\"name\":\"Accesibilidad del sitio web - \u05d0\u05dc\u05de\u05d9\",\"isPartOf\":{\"@id\":\"https:\\\/\\\/www.almi.co.il\\\/#website\"},\"primaryImageOfPage\":{\"@id\":\"https:\\\/\\\/www.almi.co.il\\\/es\\\/accesibilidad-del-sitio-web\\\/#primaryimage\"},\"image\":{\"@id\":\"https:\\\/\\\/www.almi.co.il\\\/es\\\/accesibilidad-del-sitio-web\\\/#primaryimage\"},\"thumbnailUrl\":\"https:\\\/\\\/www.almi.co.il\\\/wp-content\\\/uploads\\\/2023\\\/08\\\/accessibility-setting-1.png\",\"datePublished\":\"2023-08-31T08:58:24+00:00\",\"dateModified\":\"2023-08-31T09:00:16+00:00\",\"breadcrumb\":{\"@id\":\"https:\\\/\\\/www.almi.co.il\\\/es\\\/accesibilidad-del-sitio-web\\\/#breadcrumb\"},\"inLanguage\":\"es\",\"potentialAction\":[{\"@type\":\"ReadAction\",\"target\":[\"https:\\\/\\\/www.almi.co.il\\\/es\\\/accesibilidad-del-sitio-web\\\/\"]}]},{\"@type\":\"ImageObject\",\"inLanguage\":\"es\",\"@id\":\"https:\\\/\\\/www.almi.co.il\\\/es\\\/accesibilidad-del-sitio-web\\\/#primaryimage\",\"url\":\"https:\\\/\\\/www.almi.co.il\\\/wp-content\\\/uploads\\\/2023\\\/08\\\/accessibility-setting-1.png\",\"contentUrl\":\"https:\\\/\\\/www.almi.co.il\\\/wp-content\\\/uploads\\\/2023\\\/08\\\/accessibility-setting-1.png\"},{\"@type\":\"BreadcrumbList\",\"@id\":\"https:\\\/\\\/www.almi.co.il\\\/es\\\/accesibilidad-del-sitio-web\\\/#breadcrumb\",\"itemListElement\":[{\"@type\":\"ListItem\",\"position\":1,\"name\":\"\u05d3\u05e3 \u05d4\u05d1\u05d9\u05ea\",\"item\":\"https:\\\/\\\/www.almi.co.il\\\/\"},{\"@type\":\"ListItem\",\"position\":2,\"name\":\"Accesibilidad del sitio web\"}]},{\"@type\":\"WebSite\",\"@id\":\"https:\\\/\\\/www.almi.co.il\\\/#website\",\"url\":\"https:\\\/\\\/www.almi.co.il\\\/\",\"name\":\"\u05d0\u05dc\u05de\u05d9\",\"description\":\"\u05ea\u05e2\u05e9\u05d9\u05d5\u05ea \u05e4\u05dc\u05e1\u05d8\u05d9\u05e7 \u05d1\u05e2&quot;\u05de\",\"publisher\":{\"@id\":\"https:\\\/\\\/www.almi.co.il\\\/#organization\"},\"potentialAction\":[{\"@type\":\"SearchAction\",\"target\":{\"@type\":\"EntryPoint\",\"urlTemplate\":\"https:\\\/\\\/www.almi.co.il\\\/?s={search_term_string}\"},\"query-input\":{\"@type\":\"PropertyValueSpecification\",\"valueRequired\":true,\"valueName\":\"search_term_string\"}}],\"inLanguage\":\"es\"},{\"@type\":\"Organization\",\"@id\":\"https:\\\/\\\/www.almi.co.il\\\/#organization\",\"name\":\"\u05d0\u05dc\u05de\u05d9\",\"url\":\"https:\\\/\\\/www.almi.co.il\\\/\",\"logo\":{\"@type\":\"ImageObject\",\"inLanguage\":\"es\",\"@id\":\"https:\\\/\\\/www.almi.co.il\\\/#\\\/schema\\\/logo\\\/image\\\/\",\"url\":\"https:\\\/\\\/www.almi.co.il\\\/wp-content\\\/uploads\\\/2014\\\/11\\\/logo.png\",\"contentUrl\":\"https:\\\/\\\/www.almi.co.il\\\/wp-content\\\/uploads\\\/2014\\\/11\\\/logo.png\",\"width\":278,\"height\":189,\"caption\":\"\u05d0\u05dc\u05de\u05d9\"},\"image\":{\"@id\":\"https:\\\/\\\/www.almi.co.il\\\/#\\\/schema\\\/logo\\\/image\\\/\"}}]}<\/script>\n<!-- \/ Yoast SEO plugin. -->","yoast_head_json":{"title":"Accesibilidad del sitio web - \u05d0\u05dc\u05de\u05d9","robots":{"index":"index","follow":"follow","max-snippet":"max-snippet:-1","max-image-preview":"max-image-preview:large","max-video-preview":"max-video-preview:-1"},"canonical":"https:\/\/www.almi.co.il\/es\/accesibilidad-del-sitio-web\/","og_locale":"es_ES","og_type":"article","og_title":"Accesibilidad del sitio web - \u05d0\u05dc\u05de\u05d9","og_description":"Accesibilidad del sitio web El sitio es accesible de una manera que facilita su uso a las personas con discapacidades. La compa\u00f1\u00eda hace todo lo posible para que todos sus clientes, incluidos los discapacitados, disfruten de la navegaci\u00f3n c\u00f3moda y sencilla por la web de la compa\u00f1\u00eda y disfruten as\u00ed de la oportunidad de conocer [&hellip;]","og_url":"https:\/\/www.almi.co.il\/es\/accesibilidad-del-sitio-web\/","og_site_name":"\u05d0\u05dc\u05de\u05d9","article_modified_time":"2023-08-31T09:00:16+00:00","og_image":[{"url":"https:\/\/www.almi.co.il\/wp-content\/uploads\/2023\/08\/accessibility-setting-1.png","type":"","width":"","height":""}],"twitter_misc":{"Tiempo de lectura":"2 minutos"},"schema":{"@context":"https:\/\/schema.org","@graph":[{"@type":"WebPage","@id":"https:\/\/www.almi.co.il\/es\/accesibilidad-del-sitio-web\/","url":"https:\/\/www.almi.co.il\/es\/accesibilidad-del-sitio-web\/","name":"Accesibilidad del sitio web - \u05d0\u05dc\u05de\u05d9","isPartOf":{"@id":"https:\/\/www.almi.co.il\/#website"},"primaryImageOfPage":{"@id":"https:\/\/www.almi.co.il\/es\/accesibilidad-del-sitio-web\/#primaryimage"},"image":{"@id":"https:\/\/www.almi.co.il\/es\/accesibilidad-del-sitio-web\/#primaryimage"},"thumbnailUrl":"https:\/\/www.almi.co.il\/wp-content\/uploads\/2023\/08\/accessibility-setting-1.png","datePublished":"2023-08-31T08:58:24+00:00","dateModified":"2023-08-31T09:00:16+00:00","breadcrumb":{"@id":"https:\/\/www.almi.co.il\/es\/accesibilidad-del-sitio-web\/#breadcrumb"},"inLanguage":"es","potentialAction":[{"@type":"ReadAction","target":["https:\/\/www.almi.co.il\/es\/accesibilidad-del-sitio-web\/"]}]},{"@type":"ImageObject","inLanguage":"es","@id":"https:\/\/www.almi.co.il\/es\/accesibilidad-del-sitio-web\/#primaryimage","url":"https:\/\/www.almi.co.il\/wp-content\/uploads\/2023\/08\/accessibility-setting-1.png","contentUrl":"https:\/\/www.almi.co.il\/wp-content\/uploads\/2023\/08\/accessibility-setting-1.png"},{"@type":"BreadcrumbList","@id":"https:\/\/www.almi.co.il\/es\/accesibilidad-del-sitio-web\/#breadcrumb","itemListElement":[{"@type":"ListItem","position":1,"name":"\u05d3\u05e3 \u05d4\u05d1\u05d9\u05ea","item":"https:\/\/www.almi.co.il\/"},{"@type":"ListItem","position":2,"name":"Accesibilidad del sitio web"}]},{"@type":"WebSite","@id":"https:\/\/www.almi.co.il\/#website","url":"https:\/\/www.almi.co.il\/","name":"\u05d0\u05dc\u05de\u05d9","description":"\u05ea\u05e2\u05e9\u05d9\u05d5\u05ea \u05e4\u05dc\u05e1\u05d8\u05d9\u05e7 \u05d1\u05e2&quot;\u05de","publisher":{"@id":"https:\/\/www.almi.co.il\/#organization"},"potentialAction":[{"@type":"SearchAction","target":{"@type":"EntryPoint","urlTemplate":"https:\/\/www.almi.co.il\/?s={search_term_string}"},"query-input":{"@type":"PropertyValueSpecification","valueRequired":true,"valueName":"search_term_string"}}],"inLanguage":"es"},{"@type":"Organization","@id":"https:\/\/www.almi.co.il\/#organization","name":"\u05d0\u05dc\u05de\u05d9","url":"https:\/\/www.almi.co.il\/","logo":{"@type":"ImageObject","inLanguage":"es","@id":"https:\/\/www.almi.co.il\/#\/schema\/logo\/image\/","url":"https:\/\/www.almi.co.il\/wp-content\/uploads\/2014\/11\/logo.png","contentUrl":"https:\/\/www.almi.co.il\/wp-content\/uploads\/2014\/11\/logo.png","width":278,"height":189,"caption":"\u05d0\u05dc\u05de\u05d9"},"image":{"@id":"https:\/\/www.almi.co.il\/#\/schema\/logo\/image\/"}}]}},"_links":{"self":[{"href":"https:\/\/www.almi.co.il\/es\/wp-json\/wp\/v2\/pages\/59502","targetHints":{"allow":["GET"]}}],"collection":[{"href":"https:\/\/www.almi.co.il\/es\/wp-json\/wp\/v2\/pages"}],"about":[{"href":"https:\/\/www.almi.co.il\/es\/wp-json\/wp\/v2\/types\/page"}],"author":[{"embeddable":true,"href":"https:\/\/www.almi.co.il\/es\/wp-json\/wp\/v2\/users\/8"}],"replies":[{"embeddable":true,"href":"https:\/\/www.almi.co.il\/es\/wp-json\/wp\/v2\/comments?post=59502"}],"version-history":[{"count":0,"href":"https:\/\/www.almi.co.il\/es\/wp-json\/wp\/v2\/pages\/59502\/revisions"}],"wp:attachment":[{"href":"https:\/\/www.almi.co.il\/es\/wp-json\/wp\/v2\/media?parent=59502"}],"curies":[{"name":"wp","href":"https:\/\/api.w.org\/{rel}","templated":true}]}}