{"id":53885,"date":"2023-04-25T00:05:22","date_gmt":"2023-04-24T21:05:22","guid":{"rendered":"https:\/\/www.almi.co.il\/product\/kit-gefen-macetero-para-barandilla\/"},"modified":"2024-02-12T14:33:57","modified_gmt":"2024-02-12T12:33:57","slug":"kit-gefen-flower-pot-for-railing","status":"publish","type":"product","link":"https:\/\/www.almi.co.il\/es\/producto\/kit-gefen-flower-pot-for-railing\/","title":{"rendered":"Kit Gefen flower pot for railing"},"content":{"rendered":"","protected":false},"excerpt":{"rendered":"<h2 dir=\"ltr\" style=\"text-align: left;\">Geffen Kit de maceta para la barandilla: un juego de maceta, un dispositivo de hierro para colgar y un fondo de drenaje. La jardinera est\u00e1 dise\u00f1ada con un dise\u00f1o cl\u00e1sico y limpio, con un acabado exterior semicepillado. El conjunto incluye un dispositivo de hierro galvanizado, pintado de negro para proteger el producto de la formaci\u00f3n de \u00f3xido. Ideal para colgar en barandillas de hasta 6 cm de ancho.El conjunto tambi\u00e9n incluye un fondo de drenaje.El conjunto est\u00e1 disponible en una amplia variedad de colores.<\/h2>\n","protected":false},"featured_media":48842,"comment_status":"closed","ping_status":"closed","template":"","meta":{"_acf_changed":false},"product_brand":[],"product_cat":[1122,1114],"product_tag":[],"class_list":{"0":"post-53885","1":"product","2":"type-product","3":"status-publish","4":"has-post-thumbnail","6":"product_cat-macetas-y-jardineras-para-colgar","7":"product_cat-macetas-jardineras-y-cuencos","8":"pa_-o-20cm-x-h-14cm-es","9":"pa_-1163","10":"pa_-1187","11":"pa_-1151","12":"pa_-1213","13":"pa_-1191","14":"pa_-1179","15":"pa_-1161","16":"pa_-1209","17":"pa_-1143","18":"pa_-1149","19":"pa_-1195","20":"pa_-1169","21":"pa_-1201","22":"pa_-1137","23":"pa_-1157","24":"pa_-1173","25":"pa_-1171","26":"pa_-1183","27":"pa_-1177","28":"pa_-1181","30":"entry","31":"has-media","33":"first","34":"instock","35":"purchasable","36":"product-type-variable","37":"has-product-nav","38":"col","39":"span_1_of_5","40":"owp-content-center","41":"owp-thumbs-layout-horizontal","42":"owp-btn-normal","43":"owp-tabs-layout-horizontal"},"acf":[],"yoast_head":"<!-- This site is optimized with the Yoast SEO plugin v27.4 - https:\/\/yoast.com\/product\/yoast-seo-wordpress\/ -->\n<title>Kit Gefen flower pot for railing - \u05d0\u05dc\u05de\u05d9<\/title>\n<meta name=\"robots\" content=\"index, follow, max-snippet:-1, max-image-preview:large, max-video-preview:-1\" \/>\n<link rel=\"canonical\" href=\"https:\/\/www.almi.co.il\/es\/producto\/kit-gefen-flower-pot-for-railing\/\" \/>\n<meta property=\"og:locale\" content=\"es_ES\" \/>\n<meta property=\"og:type\" content=\"article\" \/>\n<meta property=\"og:title\" content=\"Kit Gefen flower pot for railing - \u05d0\u05dc\u05de\u05d9\" \/>\n<meta property=\"og:description\" content=\"Geffen Kit de maceta para la barandilla: un juego de maceta, un dispositivo de hierro para colgar y un fondo de drenaje. La jardinera est\u00e1 dise\u00f1ada con un dise\u00f1o cl\u00e1sico y limpio, con un acabado exterior semicepillado. El conjunto incluye un dispositivo de hierro galvanizado, pintado de negro para proteger el producto de la formaci\u00f3n de \u00f3xido. Ideal para colgar en barandillas de hasta 6 cm de ancho.El conjunto tambi\u00e9n incluye un fondo de drenaje.El conjunto est\u00e1 disponible en una amplia variedad de colores.\" \/>\n<meta property=\"og:url\" content=\"https:\/\/www.almi.co.il\/es\/producto\/kit-gefen-flower-pot-for-railing\/\" \/>\n<meta property=\"og:site_name\" content=\"\u05d0\u05dc\u05de\u05d9\" \/>\n<meta property=\"article:modified_time\" content=\"2024-02-12T12:33:57+00:00\" \/>\n<meta property=\"og:image\" content=\"https:\/\/www.almi.co.il\/wp-content\/uploads\/2023\/04\/\u05d2\u05e4\u05df-\u05de\u05e2\u05e7\u05d4-\u05e4\u05d7\u05dd-004.jpg\" \/>\n\t<meta property=\"og:image:width\" content=\"1280\" \/>\n\t<meta property=\"og:image:height\" content=\"1280\" \/>\n\t<meta property=\"og:image:type\" content=\"image\/jpeg\" \/>\n<script type=\"application\/ld+json\" class=\"yoast-schema-graph\">{\"@context\":\"https:\\\/\\\/schema.org\",\"@graph\":[{\"@type\":\"WebPage\",\"@id\":\"https:\\\/\\\/www.almi.co.il\\\/es\\\/producto\\\/kit-gefen-flower-pot-for-railing\\\/\",\"url\":\"https:\\\/\\\/www.almi.co.il\\\/es\\\/producto\\\/kit-gefen-flower-pot-for-railing\\\/\",\"name\":\"Kit Gefen flower pot for railing - \u05d0\u05dc\u05de\u05d9\",\"isPartOf\":{\"@id\":\"https:\\\/\\\/www.almi.co.il\\\/#website\"},\"primaryImageOfPage\":{\"@id\":\"https:\\\/\\\/www.almi.co.il\\\/es\\\/producto\\\/kit-gefen-flower-pot-for-railing\\\/#primaryimage\"},\"image\":{\"@id\":\"https:\\\/\\\/www.almi.co.il\\\/es\\\/producto\\\/kit-gefen-flower-pot-for-railing\\\/#primaryimage\"},\"thumbnailUrl\":\"https:\\\/\\\/www.almi.co.il\\\/wp-content\\\/uploads\\\/2023\\\/04\\\/\u05d2\u05e4\u05df-\u05de\u05e2\u05e7\u05d4-\u05e4\u05d7\u05dd-004.jpg\",\"datePublished\":\"2023-04-24T21:05:22+00:00\",\"dateModified\":\"2024-02-12T12:33:57+00:00\",\"breadcrumb\":{\"@id\":\"https:\\\/\\\/www.almi.co.il\\\/es\\\/producto\\\/kit-gefen-flower-pot-for-railing\\\/#breadcrumb\"},\"inLanguage\":\"es\",\"potentialAction\":[{\"@type\":\"ReadAction\",\"target\":[\"https:\\\/\\\/www.almi.co.il\\\/es\\\/producto\\\/kit-gefen-flower-pot-for-railing\\\/\"]}]},{\"@type\":\"ImageObject\",\"inLanguage\":\"es\",\"@id\":\"https:\\\/\\\/www.almi.co.il\\\/es\\\/producto\\\/kit-gefen-flower-pot-for-railing\\\/#primaryimage\",\"url\":\"https:\\\/\\\/www.almi.co.il\\\/wp-content\\\/uploads\\\/2023\\\/04\\\/\u05d2\u05e4\u05df-\u05de\u05e2\u05e7\u05d4-\u05e4\u05d7\u05dd-004.jpg\",\"contentUrl\":\"https:\\\/\\\/www.almi.co.il\\\/wp-content\\\/uploads\\\/2023\\\/04\\\/\u05d2\u05e4\u05df-\u05de\u05e2\u05e7\u05d4-\u05e4\u05d7\u05dd-004.jpg\",\"width\":1280,\"height\":1280},{\"@type\":\"BreadcrumbList\",\"@id\":\"https:\\\/\\\/www.almi.co.il\\\/es\\\/producto\\\/kit-gefen-flower-pot-for-railing\\\/#breadcrumb\",\"itemListElement\":[{\"@type\":\"ListItem\",\"position\":1,\"name\":\"\u05d3\u05e3 \u05d4\u05d1\u05d9\u05ea\",\"item\":\"https:\\\/\\\/www.almi.co.il\\\/\"},{\"@type\":\"ListItem\",\"position\":2,\"name\":\"\u05d7\u05e0\u05d5\u05ea\",\"item\":\"https:\\\/\\\/www.almi.co.il\\\/shop\\\/\"},{\"@type\":\"ListItem\",\"position\":3,\"name\":\"Kit Gefen flower pot for railing\"}]},{\"@type\":\"WebSite\",\"@id\":\"https:\\\/\\\/www.almi.co.il\\\/#website\",\"url\":\"https:\\\/\\\/www.almi.co.il\\\/\",\"name\":\"\u05d0\u05dc\u05de\u05d9\",\"description\":\"\u05ea\u05e2\u05e9\u05d9\u05d5\u05ea \u05e4\u05dc\u05e1\u05d8\u05d9\u05e7 \u05d1\u05e2&quot;\u05de\",\"publisher\":{\"@id\":\"https:\\\/\\\/www.almi.co.il\\\/#organization\"},\"potentialAction\":[{\"@type\":\"SearchAction\",\"target\":{\"@type\":\"EntryPoint\",\"urlTemplate\":\"https:\\\/\\\/www.almi.co.il\\\/?s={search_term_string}\"},\"query-input\":{\"@type\":\"PropertyValueSpecification\",\"valueRequired\":true,\"valueName\":\"search_term_string\"}}],\"inLanguage\":\"es\"},{\"@type\":\"Organization\",\"@id\":\"https:\\\/\\\/www.almi.co.il\\\/#organization\",\"name\":\"\u05d0\u05dc\u05de\u05d9\",\"url\":\"https:\\\/\\\/www.almi.co.il\\\/\",\"logo\":{\"@type\":\"ImageObject\",\"inLanguage\":\"es\",\"@id\":\"https:\\\/\\\/www.almi.co.il\\\/#\\\/schema\\\/logo\\\/image\\\/\",\"url\":\"https:\\\/\\\/www.almi.co.il\\\/wp-content\\\/uploads\\\/2014\\\/11\\\/logo.png\",\"contentUrl\":\"https:\\\/\\\/www.almi.co.il\\\/wp-content\\\/uploads\\\/2014\\\/11\\\/logo.png\",\"width\":278,\"height\":189,\"caption\":\"\u05d0\u05dc\u05de\u05d9\"},\"image\":{\"@id\":\"https:\\\/\\\/www.almi.co.il\\\/#\\\/schema\\\/logo\\\/image\\\/\"}}]}<\/script>\n<!-- \/ Yoast SEO plugin. -->","yoast_head_json":{"title":"Kit Gefen flower pot for railing - \u05d0\u05dc\u05de\u05d9","robots":{"index":"index","follow":"follow","max-snippet":"max-snippet:-1","max-image-preview":"max-image-preview:large","max-video-preview":"max-video-preview:-1"},"canonical":"https:\/\/www.almi.co.il\/es\/producto\/kit-gefen-flower-pot-for-railing\/","og_locale":"es_ES","og_type":"article","og_title":"Kit Gefen flower pot for railing - \u05d0\u05dc\u05de\u05d9","og_description":"Geffen Kit de maceta para la barandilla: un juego de maceta, un dispositivo de hierro para colgar y un fondo de drenaje. La jardinera est\u00e1 dise\u00f1ada con un dise\u00f1o cl\u00e1sico y limpio, con un acabado exterior semicepillado. El conjunto incluye un dispositivo de hierro galvanizado, pintado de negro para proteger el producto de la formaci\u00f3n de \u00f3xido. Ideal para colgar en barandillas de hasta 6 cm de ancho.El conjunto tambi\u00e9n incluye un fondo de drenaje.El conjunto est\u00e1 disponible en una amplia variedad de colores.","og_url":"https:\/\/www.almi.co.il\/es\/producto\/kit-gefen-flower-pot-for-railing\/","og_site_name":"\u05d0\u05dc\u05de\u05d9","article_modified_time":"2024-02-12T12:33:57+00:00","og_image":[{"width":1280,"height":1280,"url":"https:\/\/www.almi.co.il\/wp-content\/uploads\/2023\/04\/\u05d2\u05e4\u05df-\u05de\u05e2\u05e7\u05d4-\u05e4\u05d7\u05dd-004.jpg","type":"image\/jpeg"}],"schema":{"@context":"https:\/\/schema.org","@graph":[{"@type":"WebPage","@id":"https:\/\/www.almi.co.il\/es\/producto\/kit-gefen-flower-pot-for-railing\/","url":"https:\/\/www.almi.co.il\/es\/producto\/kit-gefen-flower-pot-for-railing\/","name":"Kit Gefen flower pot for railing - \u05d0\u05dc\u05de\u05d9","isPartOf":{"@id":"https:\/\/www.almi.co.il\/#website"},"primaryImageOfPage":{"@id":"https:\/\/www.almi.co.il\/es\/producto\/kit-gefen-flower-pot-for-railing\/#primaryimage"},"image":{"@id":"https:\/\/www.almi.co.il\/es\/producto\/kit-gefen-flower-pot-for-railing\/#primaryimage"},"thumbnailUrl":"https:\/\/www.almi.co.il\/wp-content\/uploads\/2023\/04\/\u05d2\u05e4\u05df-\u05de\u05e2\u05e7\u05d4-\u05e4\u05d7\u05dd-004.jpg","datePublished":"2023-04-24T21:05:22+00:00","dateModified":"2024-02-12T12:33:57+00:00","breadcrumb":{"@id":"https:\/\/www.almi.co.il\/es\/producto\/kit-gefen-flower-pot-for-railing\/#breadcrumb"},"inLanguage":"es","potentialAction":[{"@type":"ReadAction","target":["https:\/\/www.almi.co.il\/es\/producto\/kit-gefen-flower-pot-for-railing\/"]}]},{"@type":"ImageObject","inLanguage":"es","@id":"https:\/\/www.almi.co.il\/es\/producto\/kit-gefen-flower-pot-for-railing\/#primaryimage","url":"https:\/\/www.almi.co.il\/wp-content\/uploads\/2023\/04\/\u05d2\u05e4\u05df-\u05de\u05e2\u05e7\u05d4-\u05e4\u05d7\u05dd-004.jpg","contentUrl":"https:\/\/www.almi.co.il\/wp-content\/uploads\/2023\/04\/\u05d2\u05e4\u05df-\u05de\u05e2\u05e7\u05d4-\u05e4\u05d7\u05dd-004.jpg","width":1280,"height":1280},{"@type":"BreadcrumbList","@id":"https:\/\/www.almi.co.il\/es\/producto\/kit-gefen-flower-pot-for-railing\/#breadcrumb","itemListElement":[{"@type":"ListItem","position":1,"name":"\u05d3\u05e3 \u05d4\u05d1\u05d9\u05ea","item":"https:\/\/www.almi.co.il\/"},{"@type":"ListItem","position":2,"name":"\u05d7\u05e0\u05d5\u05ea","item":"https:\/\/www.almi.co.il\/shop\/"},{"@type":"ListItem","position":3,"name":"Kit Gefen flower pot for railing"}]},{"@type":"WebSite","@id":"https:\/\/www.almi.co.il\/#website","url":"https:\/\/www.almi.co.il\/","name":"\u05d0\u05dc\u05de\u05d9","description":"\u05ea\u05e2\u05e9\u05d9\u05d5\u05ea \u05e4\u05dc\u05e1\u05d8\u05d9\u05e7 \u05d1\u05e2&quot;\u05de","publisher":{"@id":"https:\/\/www.almi.co.il\/#organization"},"potentialAction":[{"@type":"SearchAction","target":{"@type":"EntryPoint","urlTemplate":"https:\/\/www.almi.co.il\/?s={search_term_string}"},"query-input":{"@type":"PropertyValueSpecification","valueRequired":true,"valueName":"search_term_string"}}],"inLanguage":"es"},{"@type":"Organization","@id":"https:\/\/www.almi.co.il\/#organization","name":"\u05d0\u05dc\u05de\u05d9","url":"https:\/\/www.almi.co.il\/","logo":{"@type":"ImageObject","inLanguage":"es","@id":"https:\/\/www.almi.co.il\/#\/schema\/logo\/image\/","url":"https:\/\/www.almi.co.il\/wp-content\/uploads\/2014\/11\/logo.png","contentUrl":"https:\/\/www.almi.co.il\/wp-content\/uploads\/2014\/11\/logo.png","width":278,"height":189,"caption":"\u05d0\u05dc\u05de\u05d9"},"image":{"@id":"https:\/\/www.almi.co.il\/#\/schema\/logo\/image\/"}}]}},"_links":{"self":[{"href":"https:\/\/www.almi.co.il\/es\/wp-json\/wp\/v2\/product\/53885","targetHints":{"allow":["GET"]}}],"collection":[{"href":"https:\/\/www.almi.co.il\/es\/wp-json\/wp\/v2\/product"}],"about":[{"href":"https:\/\/www.almi.co.il\/es\/wp-json\/wp\/v2\/types\/product"}],"replies":[{"embeddable":true,"href":"https:\/\/www.almi.co.il\/es\/wp-json\/wp\/v2\/comments?post=53885"}],"wp:featuredmedia":[{"embeddable":true,"href":"https:\/\/www.almi.co.il\/es\/wp-json\/wp\/v2\/media\/48842"}],"wp:attachment":[{"href":"https:\/\/www.almi.co.il\/es\/wp-json\/wp\/v2\/media?parent=53885"}],"wp:term":[{"taxonomy":"product_brand","embeddable":true,"href":"https:\/\/www.almi.co.il\/es\/wp-json\/wp\/v2\/product_brand?post=53885"},{"taxonomy":"product_cat","embeddable":true,"href":"https:\/\/www.almi.co.il\/es\/wp-json\/wp\/v2\/product_cat?post=53885"},{"taxonomy":"product_tag","embeddable":true,"href":"https:\/\/www.almi.co.il\/es\/wp-json\/wp\/v2\/product_tag?post=53885"}],"curies":[{"name":"wp","href":"https:\/\/api.w.org\/{rel}","templated":true}]}}